{"id":2593,"date":"2022-11-22T18:10:59","date_gmt":"2022-11-22T18:10:59","guid":{"rendered":"https:\/\/cosbell.morfe.co\/?post_type=product&#038;p=2593"},"modified":"2023-02-22T16:42:05","modified_gmt":"2023-02-22T16:42:05","slug":"crema-acondicionadora-ultra-sheen-supreme-alisadora-sin-lejia-super-con-ultra-tecnologia-brillante","status":"publish","type":"product","link":"https:\/\/cosbellinc.com\/es\/producto\/crema-acondicionadora-ultra-sheen-supreme-alisadora-sin-lejia-super-con-ultra-tecnologia-brillante\/","title":{"rendered":"Crema acondicionadora Ultra Sheen Supreme alisadora sin lej\u00eda SUPER &#8211; Con Ultra Tecnolog\u00eda brillante"},"content":{"rendered":"","protected":false},"excerpt":{"rendered":"<p>Este tratamiento est\u00e1 enriquecido con fortalecedores que te permiten<br \/>\nlograr un espectacular alisado mientras aportan fuerza a tu cabello.<br \/>\nCada caja contiene 2 aplicaciones completas o 4 retoques y todos los<br \/>\nproductos de champ\u00fa y peinado para sus tratamientos. El tratamiento<br \/>\nSuper est\u00e1 formulado para cabello de textura gruesa\/resistente.<\/p>\n<p>Los acondicionadores especiales funcionan para minimizar el<br \/>\nda\u00f1o y dejar el cabello manejable con un brillo inigualable.<\/p>\n<p>Contenido: 6,5 oz<\/p>\n","protected":false},"featured_media":2481,"comment_status":"open","ping_status":"closed","template":"","meta":{"content-type":""},"product_cat":[135],"product_tag":[],"class_list":["post-2593","product","type-product","status-publish","has-post-thumbnail","hentry","product_cat-ultrasheen-supreme-es"],"_links":{"self":[{"href":"https:\/\/cosbellinc.com\/es\/wp-json\/wp\/v2\/product\/2593","targetHints":{"allow":["GET"]}}],"collection":[{"href":"https:\/\/cosbellinc.com\/es\/wp-json\/wp\/v2\/product"}],"about":[{"href":"https:\/\/cosbellinc.com\/es\/wp-json\/wp\/v2\/types\/product"}],"replies":[{"embeddable":true,"href":"https:\/\/cosbellinc.com\/es\/wp-json\/wp\/v2\/comments?post=2593"}],"wp:featuredmedia":[{"embeddable":true,"href":"https:\/\/cosbellinc.com\/es\/wp-json\/wp\/v2\/media\/2481"}],"wp:attachment":[{"href":"https:\/\/cosbellinc.com\/es\/wp-json\/wp\/v2\/media?parent=2593"}],"wp:term":[{"taxonomy":"product_cat","embeddable":true,"href":"https:\/\/cosbellinc.com\/es\/wp-json\/wp\/v2\/product_cat?post=2593"},{"taxonomy":"product_tag","embeddable":true,"href":"https:\/\/cosbellinc.com\/es\/wp-json\/wp\/v2\/product_tag?post=2593"}],"curies":[{"name":"wp","href":"https:\/\/api.w.org\/{rel}","templated":true}]}}